{"id":801,"date":"2024-06-25T11:58:44","date_gmt":"2024-06-25T09:58:44","guid":{"rendered":"https:\/\/cotongardens.com\/?page_id=801"},"modified":"2024-06-25T12:12:06","modified_gmt":"2024-06-25T10:12:06","slug":"boka-valp","status":"publish","type":"page","link":"https:\/\/cotongardens.com\/?page_id=801","title":{"rendered":"Boka valp ?"},"content":{"rendered":"<div class=\"wp-block-image\">\n<figure class=\"alignleft\"><a href=\"https:\/\/www.hundinstitutet.com\/wp-content\/uploads\/2023\/02\/325673744_2089221114597556_7004813074430333986_n-scaled.jpg\"><img decoding=\"async\" src=\"https:\/\/www.hundinstitutet.com\/wp-content\/uploads\/2023\/02\/325673744_2089221114597556_7004813074430333986_n-300x262.jpg\" alt=\"\" class=\"wp-image-2149\"\/><\/a><\/figure><\/div>\n\n\n<p>\u00c4r du intresserad av en valp fr\u00e5n oss \u00e4r du v\u00e4lkommen att skicka information via mail om vilket hem du kan erbjuda en coton fr\u00e5n oss.&nbsp; Ett valp k\u00f6p ska inte vara f\u00f6rhastat, fundera och planera noggrant. Vi \u00e4r m\u00e5na om att valpen f\u00e5r det bra i livet.&nbsp; Vi ser g\u00e4rna att du har intresse av att g\u00e5 en valpkurs eller fler kurser med din hund. Hund\u00e4gandet blir s\u00e5 o\u00e4ndligt mycket rikare d\u00e5 man f\u00e5r bra kontakt med sin hund.<\/p>\n\n\n\n<p>Oavsett hundras s\u00e5 m\u00e5r de bra av att f\u00e5 meningsfull syssels\u00e4ttning.&nbsp;<\/p>\n\n\n\n<p>Valparna \u00e4r givetvis veterin\u00e4rbesiktigade, chippade, registrerade och avmaskade vid leverans.&nbsp; Som valpk\u00f6pare f\u00e5r du \u00e4ven noggranna sk\u00f6tselanvisningar skriftligt och muntligt samt reducerade priser p\u00e5 hundskolans kurser. Som valpk\u00f6pare \u00e4r du v\u00e4lkommen hit till oss f\u00f6r att h\u00e4mta upp din nya familjemedlem.&nbsp; Fram till hunden \u00e4r 5 veckor tar vi bilder och korta filmer s\u00e5 man kan f\u00f6lja med utvecklingen av valparna. Fr\u00e5n 5 veckor kan man \u00e4ven f\u00e5 bes\u00f6ka valparna f\u00f6rsta g\u00e5ngen.<\/p>\n\n\n\n<p>Valparna \u00e4r leveransklara vid 8 veckors \u00e5lder men ibland kan vi v\u00e4lja att beh\u00e5lla n\u00e5gon eller n\u00e5gra valpar lite l\u00e4ngre tid. N\u00e4r du h\u00e4mtar din valp f\u00e5r du \u00e4ven med startfoder, valpleksak, tuggben, valphalsband mm.&nbsp;<\/p>\n\n\n\n<p>Vi har i regel k\u00f6 till v\u00e5ra kullar. N\u00e4r valparna \u00e4r f\u00f6dda kan man f\u00e5 l\u00e4gga handpenning vilket fungerar som en trygghet f\u00f6r b\u00e5da parter.&nbsp; &nbsp;<\/p>\n\n\n\n<p>Uppf\u00f6daren \u00e4r givetvis medlem i rasklubben och FKK ( Finska kennelklubben)\u00a0<\/p>\n\n\n\n<h5 class=\"wp-block-heading\"><strong>Mina ord om rasen:<\/strong><\/h5>\n\n\n\n<p>Rasen \u00e4r fantastiskt glad, trevlig och \u00e4lskar att umg\u00e5s med sin familj. Det \u00e4r en riktig s\u00e4llskapshund, l\u00e4tt att uppfostra och tr\u00e4na. &#8221;Cotten&#8221; gillar inte att l\u00e4mnas ensam l\u00e5nga dagar, den beh\u00f6ver tillbringa tiden med oss tv\u00e5benta.<\/p>\n\n\n\n<p>Dock b\u00f6r man ta i beaktande att den kr\u00e4ver p\u00e4lsv\u00e5rd, vill man \u00e5ka p\u00e5 utst\u00e4llningar beh\u00f6ver den regelbundna bad, borstning kamning och f\u00f6n-torkning.&nbsp; Vill du inte st\u00e4lla ut hunden kan du h\u00e5lla den kortklippt &#8221; i valpfrisyr&#8221; vilket givetvis underl\u00e4ttar p\u00e4lsv\u00e5rdsarbetet.<\/p>\n\n\n\n<p>Maila som f\u00f6rsta kontakt:&nbsp; maria@hundinstututet.com&nbsp; &nbsp; &nbsp; &nbsp; &nbsp; &nbsp;Maria S\u00f6derlund \u00c5land Finland&nbsp;&nbsp;<\/p>\n","protected":false},"excerpt":{"rendered":"<p>\u00c4r du intresserad av en valp fr\u00e5n oss \u00e4r du v\u00e4lkommen att skicka information via mail om vilket hem du kan erbjuda en coton fr\u00e5n oss.&nbsp; Ett valp k\u00f6p ska inte vara f\u00f6rhastat, fundera och planera noggrant. Vi \u00e4r m\u00e5na om att valpen f\u00e5r det bra i livet.&nbsp; Vi ser g\u00e4rna att du har intresse &hellip; <a href=\"https:\/\/cotongardens.com\/?page_id=801\" class=\"more-link\">Forts\u00e4tt l\u00e4sa <span class=\"screen-reader-text\">Boka valp ?<\/span> <span class=\"meta-nav\">&rarr;<\/span><\/a><\/p>\n","protected":false},"author":1,"featured_media":0,"parent":0,"menu_order":0,"comment_status":"closed","ping_status":"closed","template":"","meta":{"footnotes":""},"_links":{"self":[{"href":"https:\/\/cotongardens.com\/index.php?rest_route=\/wp\/v2\/pages\/801"}],"collection":[{"href":"https:\/\/cotongardens.com\/index.php?rest_route=\/wp\/v2\/pages"}],"about":[{"href":"https:\/\/cotongardens.com\/index.php?rest_route=\/wp\/v2\/types\/page"}],"author":[{"embeddable":true,"href":"https:\/\/cotongardens.com\/index.php?rest_route=\/wp\/v2\/users\/1"}],"replies":[{"embeddable":true,"href":"https:\/\/cotongardens.com\/index.php?rest_route=%2Fwp%2Fv2%2Fcomments&post=801"}],"version-history":[{"count":2,"href":"https:\/\/cotongardens.com\/index.php?rest_route=\/wp\/v2\/pages\/801\/revisions"}],"predecessor-version":[{"id":804,"href":"https:\/\/cotongardens.com\/index.php?rest_route=\/wp\/v2\/pages\/801\/revisions\/804"}],"wp:attachment":[{"href":"https:\/\/cotongardens.com\/index.php?rest_route=%2Fwp%2Fv2%2Fmedia&parent=801"}],"curies":[{"name":"wp","href":"https:\/\/api.w.org\/{rel}","templated":true}]}}