{"id":8,"date":"2014-01-19T16:29:20","date_gmt":"2014-01-19T16:29:20","guid":{"rendered":"http:\/\/cotongardens.com\/?page_id=8"},"modified":"2014-01-19T16:50:56","modified_gmt":"2014-01-19T16:50:56","slug":"rasbeskrivning","status":"publish","type":"page","link":"https:\/\/cotongardens.com\/?page_id=8","title":{"rendered":"Rasbeskrivning"},"content":{"rendered":"<h2 align=\"center\">Rasbeskrivning &#8211; Coton de Tulear<\/h2>\n<p align=\"center\"><img loading=\"lazy\" decoding=\"async\" alt=\"\" src=\"http:\/\/www.cotongardens.com\/foton\/engelska2.JPG\" width=\"250\" height=\"185\" \/><\/p>\n<p align=\"center\">Coton de Tulear \u00e4r en liten, lurvig, glad hund som \u00e4r pigg p\u00e5 det mesta.<br \/>\nDet \u00e4r en mycket anpassningsbar ras, den n\u00f6jer sig med livet som s\u00e4llskapshund men tar sig g\u00e4rna an st\u00f6rre utmaningar som t.ex. lydnad, agility, sp\u00e5rning etc<\/p>\n<p align=\"center\">.<img loading=\"lazy\" decoding=\"async\" alt=\"\" src=\"http:\/\/www.cotongardens.com\/foton\/sodersunda.jpg\" width=\"243\" height=\"143\" \/><\/p>\n<p align=\"center\">Trots sin storlek \u00e4lskar &#8221;cotten&#8221; l\u00e5nga promenader och tar g\u00e4rna ett extra &#8221;race&#8221; n\u00e4r den v\u00e4l \u00e4r hemma. Du kan g\u00e4rna h\u00e5lla din cotte l\u00f6s p\u00e5 promenader &#8211; den f\u00f6redrar m\u00e4nniskor framf\u00f6r fr\u00e4mmande vilt i skogen.<\/p>\n<p align=\"center\">Den vuxna cotten har en l\u00e5ng mjuk p\u00e4ls som beh\u00f6ver regelbunden p\u00e4lsv\u00e5rd f\u00f6r att h\u00e5llas i gott skick.<\/p>\n<p align=\"center\">Coton de Tulear \u00e4lskar och avgudar m\u00e4nniskor, det \u00e4r viktigt att den f\u00e5r umg\u00e5s mycket med oss tv\u00e5benta<\/p>\n<div id=\"content\">\n<div id=\"pageinfobreed\">\n<div align=\"center\"><strong>Ursprungsland\/Hemland:<\/strong><strong>\u00a0Madagaskar<\/strong><\/div>\n<\/div>\n<\/div>\n<table width=\"100%\" border=\"0\" cellpadding=\"0\">\n<tbody>\n<tr>\n<td width=\"313\"><\/td>\n<td width=\"314\"><\/td>\n<\/tr>\n<tr>\n<td colspan=\"2\">\n<p align=\"center\">Anv\u00e4ndningsomr\u00e5de S\u00e4llskapshund<br \/>\nFCI-Klassifikation Grupp 9, sektion 1.2<\/p>\n<p align=\"center\"><img loading=\"lazy\" decoding=\"async\" alt=\"\" src=\"http:\/\/www.cotongardens.com\/foton\/2009d.JPG\" width=\"400\" height=\"229\" \/><\/p>\n<h5 align=\"center\">Bakgrund\/\u00c4ndam\u00e5l<\/h5>\n<p align=\"center\">Enligt mycket gamla s\u00e4gner, troligen fr\u00e5n 1500-talet, skulle sm\u00e5 vita hundar ha lyckats ta sig iland p\u00e5 Madagaskar fr\u00e5n ett segelfartyg, vilket f\u00f6rlist under storm i Indiska oceanen. Hundarna, vars ursprung \u00e4r ok\u00e4nt, l\u00e4r ha levt och f\u00f6r\u00f6kat sig som mer eller mindre vilda i djungeln. Namnet, coton de tul\u00e9ar, l\u00e4r de ha f\u00e5tt pga att de f\u00f6rekom n\u00e4ra hamnstaden Tul\u00e9ar (numera Toliara) p\u00e5 M\u00e9dagaskar och coton (bomull) f\u00f6r att p\u00e4lsen liknade bomullsplantans \u00f6ppna kapslar. Kungen av Madagaskar l\u00e4r ha fattat tycke f\u00f6r de vita hundarna och d\u00e4rmed blev de popul\u00e4ra s\u00e4llskapshundar. Till temperamentet skall rasen vara lekfull. Den hoppar l\u00e4tt och g\u00e5r g\u00e4rna p\u00e5 bakbenen. Den skall vara l\u00e4ttanpassad, trogen sin \u00e4gare samt vara mycket vig, kvick och snabb. Det senare, tillsammans med jaktinstinkt , l\u00e4r ha varit en av anledningarna till att den lyckades \u00f6verleva i halvvilt tillst\u00e5nd. (jaktinstinkten idag- \u00e4r hos de flesta individer v\u00e4ldigt liten)<\/p>\n<p align=\"center\">Rasen erk\u00e4ndes av FCI 1971<\/p>\n<p align=\"center\">.<img loading=\"lazy\" decoding=\"async\" alt=\"\" src=\"http:\/\/www.cotongardens.com\/foton\/slottredigerad.JPG\" width=\"202\" height=\"233\" \/><\/p>\n<p align=\"center\"><strong><br \/>\n<\/strong><strong>Helhetsintryck<\/strong><strong><br \/>\n<\/strong>Rasen \u00e4r en liten s\u00e4llskapshund med l\u00e5ng, vit p\u00e4ls av bomullsaktig kvalitet. \u00d6gonen \u00e4r runda och m\u00f6rka med ett livligt och intelligent uttryck.<br \/>\nViktiga m\u00e5ttf\u00f6rh\u00e5llanden Mankh\u00f6jden: kroppsl\u00e4ngden som 2:3. Huvudets l\u00e4ngd: kroppsl\u00e4ngden som 2:5. Skallens l\u00e4ngd: nospartiet som 9:5.<\/p>\n<p><strong>Uppf\u00f6rande\/karakt\u00e4r<br \/>\n<\/strong>Rasen \u00e4r glad, stabil och mycket s\u00e4llskaplig mot m\u00e4nniskor och andra hundar. Den anpassar sig perfekt till alla sorters livsstilar. Coton de Tul\u00e9ars temperament \u00e4r ett av rasens huvudsakliga k\u00e4nnetecken.<br \/>\n<strong><br \/>\nHuvud<br \/>\n<\/strong>Huvudet skall vara kort och, sett ovanifr\u00e5n, trekantigt. Skallparti Skallen skall vara l\u00e4tt v\u00e4lvd framifr\u00e5n sett. Den skall vara ganska bred i f\u00f6rh\u00e5llande till sin l\u00e4ngd. \u00d6gonbrynsb\u00e5garna skall vara f\u00f6ga utvecklade. L\u00e4tt markerad pannf\u00e5ra skall finnas. Hj\u00e4sskammen och nackkn\u00f6len skall vara f\u00f6ga framtr\u00e4dande. Okb\u00e5garna skall vara v\u00e4l utvecklade.<\/p>\n<p><strong>Stop<br \/>\n<\/strong>Stopet skall vara f\u00f6ga markerat.<\/p>\n<p><strong>Nostryffel<br \/>\n<\/strong>Nostryffeln skall befinna sig p\u00e5 samma plan som nosryggen. Den skall vara svart, men m\u00f6rkbrun accepteras. N\u00e4sborrarna skall vara v\u00e4lutvecklade.<\/p>\n<p><strong>Nosparti<br \/>\n<\/strong>Nosryggen skall vara rak.<\/p>\n<p><strong>L\u00e4ppar<br \/>\n<\/strong>L\u00e4pparna skall vara tunna, strama och i nostryffelns f\u00e4rg.<\/p>\n<p><strong>K\u00e4kar\/t\u00e4nder<br \/>\n<\/strong>T\u00e4nderna skall sitta v\u00e4l i linje med varandra i sax-, t\u00e5ng- eller omv\u00e4nt saxbett utan att framt\u00e4nderna f\u00f6rlorar kontakt med varandra. Avsaknad av P1:or b\u00f6r inte bestraffas. Avsaknad av M3:or beaktas inte.<\/p>\n<p><strong>Kinder<br \/>\n<\/strong>Kinderna skall vara torra.<\/p>\n<p><strong>\u00d6gon<br \/>\n<\/strong>\u00d6gonen skall vara t\u00e4mligen runda, m\u00f6rka, sitta brett is\u00e4r och ha livligt uttryck. \u00d6gonkanterna skall vara svarta eller m\u00f6rkbruna i samma f\u00e4rg som nostryffeln.<\/p>\n<p><strong>\u00d6ron<br \/>\n<\/strong>\u00d6ronen skall vara trekantiga, h\u00f6gt ansatta p\u00e5 skallen och tunna i spetsarna. De skall b\u00e4ras h\u00e4ngande t\u00e4tt intill kinderna och n\u00e5 till mungiporna. P\u00e4lsen p\u00e5 \u00f6ronen skall vara vit eller ha en anstrykning av ljusgr\u00e5tt (blandning av vita och svarta h\u00e5rstr\u00e5n vilket ger ett ljusgr\u00e5tt intryck) eller r\u00f6dskimmel (blandning av vita och r\u00f6da h\u00e5rstr\u00e5n vilket ger intryck av r\u00f6dskimmel).<\/p>\n<p><strong>Hals<br \/>\n<\/strong>Halsen skall vara muskul\u00f6s, l\u00e4tt v\u00e4lvd och v\u00e4l ansatt. F\u00f6rh\u00e5llandet mellan halsl\u00e4ngd och kroppsl\u00e4ngd skall vara som 1:5. Huden skall vara stram utan l\u00f6st halsskinn.<br \/>\n<strong><br \/>\nKropp<br \/>\n<\/strong>Hunden skall vara l\u00e4ngre \u00e4n den \u00e4r h\u00f6g.<\/p>\n<p><strong>Rygglinje<br \/>\n<\/strong>Rygglinjen skall vara endast l\u00e4tt konvex.<\/p>\n<p><strong>Manke<br \/>\n<\/strong>Manken skall vara f\u00f6ga markerad.<\/p>\n<p><strong>Rygg<br \/>\n<\/strong>Ryggen skall vara stram och n\u00e5got v\u00e4lvd.<\/p>\n<p><strong>L\u00e4ndparti<br \/>\n<\/strong>L\u00e4ndpartiet skall vara muskul\u00f6st.<\/p>\n<p><strong>Kors<br \/>\n<\/strong>Korset skall vara sluttande, kort och muskul\u00f6st.<\/p>\n<p><strong>Br\u00f6stkorg<br \/>\n<\/strong>Br\u00f6stkorgen skall vara l\u00e5ng, v\u00e4l utvecklad och s\u00e5 djup att den n\u00e5r ner till armb\u00e5garna. Revbenen skall vara v\u00e4l v\u00e4lvda.<\/p>\n<p><strong>Underlinje<br \/>\n<\/strong>Buken skall vara uppdragen utan att vara vinthundslik.<\/p>\n<p><strong>Svans<br \/>\n<\/strong>Svansen skall vara l\u00e5gt ansatt som en forts\u00e4ttning p\u00e5 ryggradens linje. I vila: H\u00e4ngande under hasleden med upp\u00e5tb\u00f6jd spets. I r\u00f6relse: Glatt buren (b\u00f6jd in \u00f6ver ryggen med spetsen riktad mot nacken, manken, ryggen eller l\u00e4nden). Hos v\u00e4lp\u00e4lsade individer, kan svansspetsen ligga an mot ryggen eller l\u00e4nden.<\/p>\n<p><strong><span style=\"text-decoration: underline;\">Extremiteter<\/span><\/strong><br \/>\n<strong><br \/>\nFramst\u00e4ll<br \/>\n<\/strong>Frambenen skall vara lodr\u00e4tt st\u00e4llda.<\/p>\n<p><strong>Skulderblad<br \/>\n<\/strong>Skulderbladen skall vara snedst\u00e4llda och skuldrorna skall vara muskul\u00f6sa. Vinkeln mellan skuldra och \u00f6verarm skall vara ungef\u00e4r 120 grader.<\/p>\n<p><strong>\u00d6verarm<br \/>\n<\/strong>\u00d6verarmarna skall vara ungef\u00e4r lika l\u00e5nga som skulderbladen.<\/p>\n<p><strong>Underarm<br \/>\n<\/strong>Vinkeln mellan \u00f6ver- och underarm skall vara ungef\u00e4r 120 grader. Underarmarna skall vara raka och parallella. De skall vara muskul\u00f6sa med god benstomme. Underarmarna skall vara ungef\u00e4r lika l\u00e5nga som \u00f6verarmarna.<\/p>\n<p><strong>Handlov<br \/>\n<\/strong>Handlovarna skall vara i linje med underarmarna.<\/p>\n<p><strong>Mellanhand<br \/>\n<\/strong>Mellanh\u00e4nderna skall vara stadiga och sedda i profil l\u00e4tt vinklade.<\/p>\n<p><strong>Framtassar<br \/>\n<\/strong>Framtassarna skall vara sm\u00e5, knutna, v\u00e4lvda och runda. Trampdynorna skall vara pigmenterade.<\/p>\n<p><strong>Bakst\u00e4ll<br \/>\n<\/strong>Bakbenen skall vara lodr\u00e4tt st\u00e4llda. Sporrar p\u00e5 bakbenen \u00e4r inte \u00f6nskv\u00e4rda men till\u00e5tna.<\/p>\n<p><strong>L\u00e5r<br \/>\n<\/strong>L\u00e5ren skall vara kraftigt musklade. Vinkeln mellan b\u00e4cken och l\u00e5r skall vara ungef\u00e4r 80 grader.<\/p>\n<p><strong>Underben<br \/>\n<\/strong>Underbenen skall vara vinklade mot l\u00e5rbenen med ungef\u00e4r 120 grader.<\/p>\n<p><strong>Has<br \/>\n<\/strong>Hasorna skall vara torra med v\u00e4l markerade hasleder. Hasvinkeln skall vara ungef\u00e4r 160 grader.<\/p>\n<p><strong>Mellanfot<br \/>\n<\/strong>Mellanf\u00f6tterna skall vara lodr\u00e4tt st\u00e4llda.<\/p>\n<p><strong>Baktassar<br \/>\n<\/strong>Baktassarna som framtassarna.<br \/>\n<strong><br \/>\nR\u00f6relser<br \/>\n<\/strong>R\u00f6relserna skall vara fria och l\u00e4tta utan att vara s\u00e4rskilt v\u00e4gvinnande. Under r\u00f6relse skall rygglinjen vara stadig. R\u00f6relserna skall inte vara vaggande.<\/p>\n<p><strong>Hud<br \/>\n<\/strong>Huden skall vara tunn samt mycket stram p\u00e5 hela kroppen. Huden \u00e4r rosa, men kan vara pigmenterad.<\/p>\n<p><strong><span style=\"text-decoration: underline;\">P\u00e4ls<\/span><\/strong><\/p>\n<p><strong>P\u00e4lsstruktur<br \/>\n<\/strong>P\u00e4lsen \u00e4r ett av de v\u00e4sentligaste rask\u00e4nnetecknen, rasen har t o m f\u00e5tt sitt namn efter den. P\u00e4lsstrukturen skall vara mycket mjuk, elastisk och bomullsaktig. Den f\u00e5r aldrig vara str\u00e4v eller h\u00e5rd. P\u00e4lsen skall vara t\u00e4t, riklig och f\u00e5r vara l\u00e4tt v\u00e5gig.<\/p>\n<p><strong>P\u00e4lsf\u00e4rg<br \/>\n<\/strong>Grundf\u00e4rgen skall vara vit, men n\u00e5gra sp\u00e5r av ljusgr\u00e5 f\u00e4rg (blandning av vit och svart p\u00e4ls) eller r\u00f6dskimmel (blandning av vit och r\u00f6d p\u00e4ls) \u00e4r till\u00e5tet p\u00e5 \u00f6ronen. Likas\u00e5 kan sp\u00e5r av dessa f\u00e4rger tolereras p\u00e5 andra st\u00e4llen p\u00e5 kroppen under f\u00f6ruts\u00e4ttning att de inte f\u00f6r\u00e4ndrar helhetsintrycket av att p\u00e4lsen \u00e4r vit; s\u00e5dana sp\u00e5r av f\u00e4rg \u00e4r dock inte \u00f6nskv\u00e4rda.<\/p>\n<p><strong>Storlek\/vikt<br \/>\n<\/strong>Mankh\u00f6jd Hanhund: 26-28 cm Tik: 23-25 cm +2 cm och -1 cm \u00e4r till\u00e5tet. Vikt Hanhund: 4 till maximalt 6 kg Tik: 3,5 till maximalt 5 kg.<\/td>\n<\/tr>\n<tr>\n<td colspan=\"2\"><\/td>\n<\/tr>\n<\/tbody>\n<\/table>\n","protected":false},"excerpt":{"rendered":"<p>Rasbeskrivning &#8211; Coton de Tulear Coton de Tulear \u00e4r en liten, lurvig, glad hund som \u00e4r pigg p\u00e5 det mesta. Det \u00e4r en mycket anpassningsbar ras, den n\u00f6jer sig med livet som s\u00e4llskapshund men tar sig g\u00e4rna an st\u00f6rre utmaningar som t.ex. lydnad, agility, sp\u00e5rning etc . Trots sin storlek \u00e4lskar &#8221;cotten&#8221; l\u00e5nga promenader och &hellip; <a href=\"https:\/\/cotongardens.com\/?page_id=8\" class=\"more-link\">Forts\u00e4tt l\u00e4sa <span class=\"screen-reader-text\">Rasbeskrivning<\/span> <span class=\"meta-nav\">&rarr;<\/span><\/a><\/p>\n","protected":false},"author":1,"featured_media":0,"parent":10,"menu_order":0,"comment_status":"closed","ping_status":"closed","template":"","meta":{"footnotes":""},"_links":{"self":[{"href":"https:\/\/cotongardens.com\/index.php?rest_route=\/wp\/v2\/pages\/8"}],"collection":[{"href":"https:\/\/cotongardens.com\/index.php?rest_route=\/wp\/v2\/pages"}],"about":[{"href":"https:\/\/cotongardens.com\/index.php?rest_route=\/wp\/v2\/types\/page"}],"author":[{"embeddable":true,"href":"https:\/\/cotongardens.com\/index.php?rest_route=\/wp\/v2\/users\/1"}],"replies":[{"embeddable":true,"href":"https:\/\/cotongardens.com\/index.php?rest_route=%2Fwp%2Fv2%2Fcomments&post=8"}],"version-history":[{"count":3,"href":"https:\/\/cotongardens.com\/index.php?rest_route=\/wp\/v2\/pages\/8\/revisions"}],"predecessor-version":[{"id":14,"href":"https:\/\/cotongardens.com\/index.php?rest_route=\/wp\/v2\/pages\/8\/revisions\/14"}],"up":[{"embeddable":true,"href":"https:\/\/cotongardens.com\/index.php?rest_route=\/wp\/v2\/pages\/10"}],"wp:attachment":[{"href":"https:\/\/cotongardens.com\/index.php?rest_route=%2Fwp%2Fv2%2Fmedia&parent=8"}],"curies":[{"name":"wp","href":"https:\/\/api.w.org\/{rel}","templated":true}]}}