{"id":74,"date":"2014-01-22T19:06:38","date_gmt":"2014-01-22T17:06:38","guid":{"rendered":"http:\/\/cotongardens.com\/?page_id=74"},"modified":"2024-06-24T13:38:51","modified_gmt":"2024-06-24T11:38:51","slug":"vagbeskrivning","status":"publish","type":"page","link":"https:\/\/cotongardens.com\/?page_id=74","title":{"rendered":"V\u00e4gbeskrivning"},"content":{"rendered":"<p>Adress: Emkarbyv\u00e4gen 858 \u00a0 22240\u00a0 Hammarland \u00c5LAND<\/p>\n<p>Invid gamla Postbron dvs vid gr\u00e4nsen mellan Finstr\u00f6m \/Hammarland.<\/p>\n<p class=\"style12\" style=\"font-size: 14px; line-height: 20px; margin: 0px;\" align=\"left\">\n<p class=\"style12\" style=\"font-size: 14px; line-height: 20px; margin: 0px;\" align=\"left\">V\u00e4gbeskrivning fr\u00e5n Finstr\u00f6m: F\u00f6rsta avtagsv\u00e4gen till v\u00e4nster (n\u00e4r du passerat Bj\u00e4rstr\u00f6m och kommit till Hammarland)<\/p>\n<p class=\"style12\" style=\"font-size: 14px; line-height: 20px; margin: 0px;\" align=\"left\">Fr\u00e5n Hammarlandsv\u00e4gen: Sv\u00e4ng i N\u00e4fsby -Vid korsningen mot G\u00f6lby- Emkarby ca 3 km \u2013 se till h\u00f6ger n\u00e4r du passerat Byttb\u00f6le \u2013 efter \u00e5krarna en liten v\u00e4g in fr\u00e5n stora v\u00e4gen \u2013 framme! Dvs innan du kommit till gr\u00e4nsen mot Finstr\u00f6m \u2013 k\u00f6r du f\u00f6r l\u00e5ngt f\u00e5r du backa\u00a0 ca 100 meter s\u00e5 \u00e4r du framme \ud83d\ude42<span class=\"Apple-converted-space\">\u00a0<\/span><br \/>\nDet \u00e4r andra r\u00f6da huset fr\u00e5n stora v\u00e4gen r\u00e4knat \u2013 vi har ett stort r\u00f6tt garage som syns fr\u00e5n v\u00e4gen.<\/p>\n","protected":false},"excerpt":{"rendered":"<p>Adress: Emkarbyv\u00e4gen 858 \u00a0 22240\u00a0 Hammarland \u00c5LAND Invid gamla Postbron dvs vid gr\u00e4nsen mellan Finstr\u00f6m \/Hammarland. V\u00e4gbeskrivning fr\u00e5n Finstr\u00f6m: F\u00f6rsta avtagsv\u00e4gen till v\u00e4nster (n\u00e4r du passerat Bj\u00e4rstr\u00f6m och kommit till Hammarland) Fr\u00e5n Hammarlandsv\u00e4gen: Sv\u00e4ng i N\u00e4fsby -Vid korsningen mot G\u00f6lby- Emkarby ca 3 km \u2013 se till h\u00f6ger n\u00e4r du passerat Byttb\u00f6le \u2013 efter \u00e5krarna &hellip; <a href=\"https:\/\/cotongardens.com\/?page_id=74\" class=\"more-link\">Forts\u00e4tt l\u00e4sa <span class=\"screen-reader-text\">V\u00e4gbeskrivning<\/span> <span class=\"meta-nav\">&rarr;<\/span><\/a><\/p>\n","protected":false},"author":1,"featured_media":0,"parent":0,"menu_order":0,"comment_status":"closed","ping_status":"closed","template":"","meta":{"footnotes":""},"_links":{"self":[{"href":"https:\/\/cotongardens.com\/index.php?rest_route=\/wp\/v2\/pages\/74"}],"collection":[{"href":"https:\/\/cotongardens.com\/index.php?rest_route=\/wp\/v2\/pages"}],"about":[{"href":"https:\/\/cotongardens.com\/index.php?rest_route=\/wp\/v2\/types\/page"}],"author":[{"embeddable":true,"href":"https:\/\/cotongardens.com\/index.php?rest_route=\/wp\/v2\/users\/1"}],"replies":[{"embeddable":true,"href":"https:\/\/cotongardens.com\/index.php?rest_route=%2Fwp%2Fv2%2Fcomments&post=74"}],"version-history":[{"count":5,"href":"https:\/\/cotongardens.com\/index.php?rest_route=\/wp\/v2\/pages\/74\/revisions"}],"predecessor-version":[{"id":779,"href":"https:\/\/cotongardens.com\/index.php?rest_route=\/wp\/v2\/pages\/74\/revisions\/779"}],"wp:attachment":[{"href":"https:\/\/cotongardens.com\/index.php?rest_route=%2Fwp%2Fv2%2Fmedia&parent=74"}],"curies":[{"name":"wp","href":"https:\/\/api.w.org\/{rel}","templated":true}]}}