{"id":722,"date":"2017-10-28T19:38:41","date_gmt":"2017-10-28T17:38:41","guid":{"rendered":"http:\/\/cotongardens.com\/?page_id=722"},"modified":"2026-02-24T14:46:44","modified_gmt":"2026-02-24T12:46:44","slug":"puppiesvalpar","status":"publish","type":"page","link":"https:\/\/cotongardens.com\/?page_id=722","title":{"rendered":"VALPAR !"},"content":{"rendered":"\n<p><strong>\u00c5r 2026 planeras valpar med Coton Garden\u00b4s Le Libre Blanc \u201dPanda\u201d f\u00f6dd 28\/4 2023. V\u00e5r yngsta\u201d bustroll\u201d .  Panda har ett helt ljuvligt temperament och sund i kroppen. Henne svans \u00e4r lite tight f\u00f6r att vara en stj\u00e4rna p\u00e5 utst\u00e4llning men i \u00f6vrigt \u00e4r vi mycket n\u00f6jda med henne. <\/strong> <\/p>\n\n\n\n<p>Panda har officiell veterin\u00e4rkontroll av \u00f6gon och kn\u00e4n u.a<\/p>\n\n\n\n<p>Samt DNA testad  och frisk enligt samtliga sjukdomar som g\u00e5r att kontrollera med gentest. <\/p>\n\n\n\n<p>Fri fr\u00e5n : Von Wille brand, Banderas, CMR, MDR, IVDD etc. (My dog DNA samt EVG lab.)<\/p>\n\n\n\n<p><\/p>\n\n\n\n<div class=\"wp-block-media-text is-stacked-on-mobile\"><figure class=\"wp-block-media-text__media\"><img loading=\"lazy\" decoding=\"async\" width=\"1024\" height=\"683\" src=\"http:\/\/cotongardens.com\/wp-content\/uploads\/2024\/06\/image-2.png\" alt=\"Denna bild har ett alt-attribut som \u00e4r tomt. Dess filnamn \u00e4r image.png\" class=\"wp-image-762 size-full\" srcset=\"https:\/\/cotongardens.com\/wp-content\/uploads\/2024\/06\/image-2.png 1024w, https:\/\/cotongardens.com\/wp-content\/uploads\/2024\/06\/image-2-300x200.png 300w, https:\/\/cotongardens.com\/wp-content\/uploads\/2024\/06\/image-2-768x512.png 768w\" sizes=\"(max-width: 1024px) 100vw, 1024px\" \/><\/figure><div class=\"wp-block-media-text__content\">\n<p>Panda som valp<\/p>\n<\/div><\/div>\n\n\n\n<p><br>\u00c4r du intresserad av valp fr\u00e5n denna kull? Maila g\u00e4rna som f\u00f6rsta kontakt, vi \u00e4r m\u00e5na om att valpen f\u00e5r ett bra hem.<\/p>\n\n\n\n<p><\/p>\n\n\n\n<p><\/p>\n\n\n\n<p><strong>2025: Coton Gardens Just Love Me &#8221;Mimmis valpar:<\/strong><\/p>\n\n\n\n<p> Valparna f\u00f6ddes 19 de september! 4 st, tv\u00e5 hanar och tv\u00e5 tikar <\/p>\n\n\n\n<p>3 veckor gamla p\u00e5 bild:<\/p>\n\n\n\n<figure class=\"wp-block-image size-large is-resized\"><a href=\"https:\/\/cotongardens.com\/wp-content\/uploads\/2025\/10\/a6b5fc17-6e84-445f-8e0c-a66a5484a7f5.jpeg\"><img loading=\"lazy\" decoding=\"async\" width=\"1024\" height=\"890\" src=\"https:\/\/cotongardens.com\/wp-content\/uploads\/2025\/10\/a6b5fc17-6e84-445f-8e0c-a66a5484a7f5-1024x890.jpeg\" alt=\"\" class=\"wp-image-838\" style=\"width:424px;height:auto\" srcset=\"https:\/\/cotongardens.com\/wp-content\/uploads\/2025\/10\/a6b5fc17-6e84-445f-8e0c-a66a5484a7f5-1024x890.jpeg 1024w, https:\/\/cotongardens.com\/wp-content\/uploads\/2025\/10\/a6b5fc17-6e84-445f-8e0c-a66a5484a7f5-300x261.jpeg 300w, https:\/\/cotongardens.com\/wp-content\/uploads\/2025\/10\/a6b5fc17-6e84-445f-8e0c-a66a5484a7f5-768x668.jpeg 768w, https:\/\/cotongardens.com\/wp-content\/uploads\/2025\/10\/a6b5fc17-6e84-445f-8e0c-a66a5484a7f5-1536x1335.jpeg 1536w, https:\/\/cotongardens.com\/wp-content\/uploads\/2025\/10\/a6b5fc17-6e84-445f-8e0c-a66a5484a7f5.jpeg 2048w\" sizes=\"(max-width: 1024px) 100vw, 1024px\" \/><\/a><\/figure>\n\n\n\n<p>B\u00e5da f\u00f6r\u00e4ldrar \u00e4r friska i \u00f6gon och kn\u00e4n, officiellt kontrollerade.<\/p>\n\n\n\n<p>\u00d6gon ock kn\u00e4n u.a : utan anm\u00e4rkning 2025.<\/p>\n\n\n\n<p>B\u00e4gge f\u00f6r\u00e4ldrar \u00e4r \u00e4ven DNA checkade och friska vad g\u00e4ller f\u00f6r rasens kontrollerbara \u00e4rftliga sjukdomar. My dog . FRIA FR\u00c5N : Von Wille brand, Banderas, CMR, MDR, IVDD etc. My dog DNA samt EVG lab. <\/p>\n\n\n\n<p>Pappan \u00e4r h\u00f6gt meriterad p\u00e5 utst\u00e4llning (utst\u00e4llningschampion), mamman har f\u00e5tt bed\u00f6mningen exellent. <br>Vi v\u00e4ntar oss att dessa valpar kommer att blir mycket trevliga d\u00e5 b\u00e4gge f\u00f6r\u00e4ldrar \u00e4r helt ljuvliga mot alla m\u00e4nniskor och andra hundar. Mamman har l\u00e4mnat en avkomma fr\u00e5n tidigare kull som just nu t\u00e4vlar i klass 2 agility. <br><br>Mer uppgifter om valparna kommer att uppdateras efterhand. Vi visar bilder och filmer under deras uppv\u00e4xt. Fr\u00e5n 5 v kan de som tingat valp bes\u00f6ka oss f\u00f6r att tr\u00e4ffa valparna. <br><br>De kommer sj\u00e4lvklart att vara avmaskade, chippade, registrerade i b\u00e4gge register, veterin\u00e4rbesiktigade innan de flyttar, valppaket kommer att medf\u00f6lja valpen. <br><br>Maila g\u00e4rna som f\u00f6rsta kontakt, vi \u00e4r m\u00e5na om att valpen f\u00e5r ett bra hem.<\/p>\n\n\n\n<p>Kombinationens stamtavla hittar ni h\u00e4r: <a href=\"https:\/\/jalostus.kennelliitto.fi\/frmSukutaulu.aspx?RekNoE=FI49394\/18&amp;ReknoI=FI47827\/17\">https:\/\/jalostus.kennelliitto.fi\/frmSukutaulu.aspx?RekNoE=FI49394\/18&amp;ReknoI=FI47827\/17<\/a>  <\/p>\n\n\n\n<p>Se mer info om tiken under v\u00e5ra hundar!<\/p>\n\n\n\n<p>Pappan: <a href=\"https:\/\/jalostus.kennelliitto.fi\/frmKoira.aspx?RekNo=FI47827%2F17&amp;R=283\"><small>C.I.B. FI UCH EE UCH LV UCH SE UCH LT JUCH LV JUCH EE JUCH BALT JUCH SEJV-17 EEJV-18 LVJV-18 BALTJV-18 TLNVW-25 EEVV-25<\/small>&nbsp;AMOUREUX COTON&#8217;S JULIUS CAESAR<\/a> <\/p>\n\n\n\n<figure class=\"wp-block-image size-full is-resized\"><a href=\"https:\/\/cotongardens.com\/wp-content\/uploads\/2025\/07\/06b59614-8142-46d3-8459-a5fe1a6e6ca9.jpeg\"><img loading=\"lazy\" decoding=\"async\" width=\"1024\" height=\"933\" src=\"https:\/\/cotongardens.com\/wp-content\/uploads\/2025\/07\/06b59614-8142-46d3-8459-a5fe1a6e6ca9.jpeg\" alt=\"\" class=\"wp-image-828\" style=\"width:458px;height:auto\" srcset=\"https:\/\/cotongardens.com\/wp-content\/uploads\/2025\/07\/06b59614-8142-46d3-8459-a5fe1a6e6ca9.jpeg 1024w, https:\/\/cotongardens.com\/wp-content\/uploads\/2025\/07\/06b59614-8142-46d3-8459-a5fe1a6e6ca9-300x273.jpeg 300w, https:\/\/cotongardens.com\/wp-content\/uploads\/2025\/07\/06b59614-8142-46d3-8459-a5fe1a6e6ca9-768x700.jpeg 768w\" sizes=\"(max-width: 1024px) 100vw, 1024px\" \/><\/a><\/figure>\n\n\n\n<p>Pappan p\u00e5 bild<\/p>\n\n\n\n<p>V\u00e4lkomna med valpf\u00f6rfr\u00e5gningar! Skicka ett mail\/ eller messenger\/ sms med information om er familj och i vilket syfte ni \u00f6nskar skaffa en coton.  <\/p>\n\n\n\n<p><\/p>\n","protected":false},"excerpt":{"rendered":"<p>\u00c5r 2026 planeras valpar med Coton Garden\u00b4s Le Libre Blanc \u201dPanda\u201d f\u00f6dd 28\/4 2023. V\u00e5r yngsta\u201d bustroll\u201d . Panda har ett helt ljuvligt temperament och sund i kroppen. Henne svans \u00e4r lite tight f\u00f6r att vara en stj\u00e4rna p\u00e5 utst\u00e4llning men i \u00f6vrigt \u00e4r vi mycket n\u00f6jda med henne. Panda har officiell veterin\u00e4rkontroll av \u00f6gon &hellip; <a href=\"https:\/\/cotongardens.com\/?page_id=722\" class=\"more-link\">Forts\u00e4tt l\u00e4sa <span class=\"screen-reader-text\">VALPAR !<\/span> <span class=\"meta-nav\">&rarr;<\/span><\/a><\/p>\n","protected":false},"author":1,"featured_media":0,"parent":10,"menu_order":0,"comment_status":"closed","ping_status":"open","template":"","meta":{"footnotes":""},"_links":{"self":[{"href":"https:\/\/cotongardens.com\/index.php?rest_route=\/wp\/v2\/pages\/722"}],"collection":[{"href":"https:\/\/cotongardens.com\/index.php?rest_route=\/wp\/v2\/pages"}],"about":[{"href":"https:\/\/cotongardens.com\/index.php?rest_route=\/wp\/v2\/types\/page"}],"author":[{"embeddable":true,"href":"https:\/\/cotongardens.com\/index.php?rest_route=\/wp\/v2\/users\/1"}],"replies":[{"embeddable":true,"href":"https:\/\/cotongardens.com\/index.php?rest_route=%2Fwp%2Fv2%2Fcomments&post=722"}],"version-history":[{"count":48,"href":"https:\/\/cotongardens.com\/index.php?rest_route=\/wp\/v2\/pages\/722\/revisions"}],"predecessor-version":[{"id":859,"href":"https:\/\/cotongardens.com\/index.php?rest_route=\/wp\/v2\/pages\/722\/revisions\/859"}],"up":[{"embeddable":true,"href":"https:\/\/cotongardens.com\/index.php?rest_route=\/wp\/v2\/pages\/10"}],"wp:attachment":[{"href":"https:\/\/cotongardens.com\/index.php?rest_route=%2Fwp%2Fv2%2Fmedia&parent=722"}],"curies":[{"name":"wp","href":"https:\/\/api.w.org\/{rel}","templated":true}]}}