{"id":368,"date":"2014-04-21T20:14:29","date_gmt":"2014-04-21T18:14:29","guid":{"rendered":"http:\/\/cotongardens.com\/?page_id=368"},"modified":"2025-02-26T09:23:57","modified_gmt":"2025-02-26T07:23:57","slug":"vara-coton-de-tulear","status":"publish","type":"page","link":"http:\/\/cotongardens.com\/?page_id=368","title":{"rendered":"V\u00e5ra Coton de Tulear"},"content":{"rendered":"\n<p>Coton Garden\u00b4s <\/p>\n\n\n\n<h5 class=\"wp-block-heading\"><strong>Kennelns cottar just nu<\/strong>:&nbsp;<\/h5>\n\n\n\n<p><strong>Coton Garden\u00b4s Just Love me &#8221;Mimmi&#8221;<\/strong>\u00a0 f\u00f6dd 2\/8 2018.\u00a0 Reg nr: FI49394\/18\u00a0 \u00d6gonlyst och kn\u00e4ledsunders\u00f6kt u.a. My Dog DNA checkad och fri fr\u00e5n samtliga sjukdomar.\u00a0 Utst\u00e4llningar: bed\u00f6mningen:\u00a0 Exellent\u00a0<\/p>\n\n\n\n<p>Senaste \u00f6gonlysning \u00e5r 2025 utan anm\u00e4rkning.  Mimmi planeras bli mamma en sista g\u00e5ng \u00e5r 2025 <\/p>\n\n\n\n<p>Mimmi \u00e4r en mycket glad \u00f6ppen modig tik som \u00e4ven \u00e4r mycket tr\u00e4ningsvillig, \u00e4lskar att tr\u00e4na och l\u00e4ra sig nya saker.&nbsp;&nbsp;Apporterar naturligt precis som sin mormor. &#8221;Mimmi&#8221; som valp och vuxen nedan:<\/p>\n\n\n\n<figure class=\"wp-block-image size-large is-resized\"><a href=\"http:\/\/cotongardens.com\/wp-content\/uploads\/2024\/06\/45347953_10217858144991104_6806042667458232320_o.jpg\"><img loading=\"lazy\" decoding=\"async\" width=\"1024\" height=\"683\" src=\"http:\/\/cotongardens.com\/wp-content\/uploads\/2024\/06\/45347953_10217858144991104_6806042667458232320_o-1024x683.jpg\" alt=\"\" class=\"wp-image-758\" style=\"aspect-ratio:1.499267935578331;width:247px;height:auto\" srcset=\"http:\/\/cotongardens.com\/wp-content\/uploads\/2024\/06\/45347953_10217858144991104_6806042667458232320_o-1024x683.jpg 1024w, http:\/\/cotongardens.com\/wp-content\/uploads\/2024\/06\/45347953_10217858144991104_6806042667458232320_o-300x200.jpg 300w, http:\/\/cotongardens.com\/wp-content\/uploads\/2024\/06\/45347953_10217858144991104_6806042667458232320_o-768x512.jpg 768w, http:\/\/cotongardens.com\/wp-content\/uploads\/2024\/06\/45347953_10217858144991104_6806042667458232320_o-1536x1024.jpg 1536w, http:\/\/cotongardens.com\/wp-content\/uploads\/2024\/06\/45347953_10217858144991104_6806042667458232320_o.jpg 2048w\" sizes=\"(max-width: 1024px) 100vw, 1024px\" \/><\/a><\/figure>\n\n\n\n<figure class=\"wp-block-image size-large is-resized\"><a href=\"https:\/\/cotongardens.com\/wp-content\/uploads\/2024\/06\/294737662_459942938933622_7298977377418104146_n.jpg\"><img loading=\"lazy\" decoding=\"async\" width=\"768\" height=\"1024\" src=\"https:\/\/cotongardens.com\/wp-content\/uploads\/2024\/06\/294737662_459942938933622_7298977377418104146_n-768x1024.jpg\" alt=\"\" class=\"wp-image-765\" style=\"aspect-ratio:0.75;width:251px;height:auto\" srcset=\"http:\/\/cotongardens.com\/wp-content\/uploads\/2024\/06\/294737662_459942938933622_7298977377418104146_n-768x1024.jpg 768w, http:\/\/cotongardens.com\/wp-content\/uploads\/2024\/06\/294737662_459942938933622_7298977377418104146_n-225x300.jpg 225w, http:\/\/cotongardens.com\/wp-content\/uploads\/2024\/06\/294737662_459942938933622_7298977377418104146_n.jpg 1125w\" sizes=\"(max-width: 768px) 100vw, 768px\" \/><\/a><\/figure>\n\n\n\n<p><\/p>\n\n\n\n<p><strong>Coton Garden\u00b4s Kylie Key to Love &#8221;Skorpan&#8221;<\/strong> f\u00f6dd 6\/4 2021. Veterin\u00e4r unders\u00f6kt: officiellt kn\u00e4n 2023 u.a. \u00d6gonunders\u00f6kning officiellt 2024  u.a.\u00a0 B\u00e4gge hennes f\u00f6r\u00e4ldrar \u00e4r DNA unders\u00f6kta f\u00f6r \u00e4rftliga sjukdomar och fria. Utst\u00e4lld med bed\u00f6mningen; very good. &#8221;Skorpan&#8221; \u00e4r dotter till &#8221;Mimmi&#8221;. &#8221;Skorpan&#8221; \u00e4r den som \u00e4r oss v\u00e4ldigt n\u00e4ra, hon \u00e4r ocks\u00e5 v\u00e4ldigt tr\u00e4ningsvillig och energisk. &#8221;Skorpan&#8221; som valp och p\u00e5 utst\u00e4llning som junior nedan:<\/p>\n\n\n\n<p><\/p>\n\n\n\n<figure class=\"wp-block-image size-full is-resized\"><a href=\"https:\/\/cotongardens.com\/wp-content\/uploads\/2024\/06\/image.jpeg\"><img loading=\"lazy\" decoding=\"async\" width=\"845\" height=\"1024\" src=\"https:\/\/cotongardens.com\/wp-content\/uploads\/2024\/06\/image.jpeg\" alt=\"Denna bild har ett alt-attribut som \u00e4r tomt. Dess filnamn \u00e4r 272268524_2106097216224202_118378036001827465_n-845x1024.jpg\" class=\"wp-image-768\" style=\"aspect-ratio:0.8252660487469963;width:261px;height:auto\" srcset=\"http:\/\/cotongardens.com\/wp-content\/uploads\/2024\/06\/image.jpeg 845w, http:\/\/cotongardens.com\/wp-content\/uploads\/2024\/06\/image-248x300.jpeg 248w, http:\/\/cotongardens.com\/wp-content\/uploads\/2024\/06\/image-768x931.jpeg 768w\" sizes=\"(max-width: 845px) 100vw, 845px\" \/><\/a><\/figure>\n\n\n\n<figure class=\"wp-block-image size-full is-resized\"><a href=\"https:\/\/cotongardens.com\/wp-content\/uploads\/2024\/06\/image-3.png\"><img loading=\"lazy\" decoding=\"async\" width=\"833\" height=\"579\" src=\"https:\/\/cotongardens.com\/wp-content\/uploads\/2024\/06\/image-3.png\" alt=\"\" class=\"wp-image-764\" style=\"aspect-ratio:1.4386873920552676;width:259px;height:auto\" srcset=\"http:\/\/cotongardens.com\/wp-content\/uploads\/2024\/06\/image-3.png 833w, http:\/\/cotongardens.com\/wp-content\/uploads\/2024\/06\/image-3-300x209.png 300w, http:\/\/cotongardens.com\/wp-content\/uploads\/2024\/06\/image-3-768x534.png 768w\" sizes=\"(max-width: 833px) 100vw, 833px\" \/><\/a><\/figure>\n\n\n\n<p><\/p>\n\n\n\n<p><strong>Coton Garden\u00b4s  Le Libre Blanc &#8221;Panda<\/strong>&#8221; f\u00f6dd 28\/4 2023. V\u00e5r yngsta&#8221; bustroll&#8221; som vi hoppas kan g\u00e5 bra p\u00e5 utst\u00e4llningar n\u00e4r hon blir lite \u00e4ldre. Hennes stora idol \u00e4r v\u00e5r 6 \u00e5riga bodercollie som \u00e4r hennes b\u00e4sta v\u00e4n.<\/p>\n\n\n\n<p>\u00c5r 2025 \u00f6gonlyst och patellaunders\u00f6kt utan anm\u00e4rkning!<\/p>\n\n\n\n<figure class=\"wp-block-image size-full is-resized\"><a href=\"https:\/\/cotongardens.com\/wp-content\/uploads\/2024\/06\/image-2.png\"><img loading=\"lazy\" decoding=\"async\" width=\"1024\" height=\"683\" src=\"https:\/\/cotongardens.com\/wp-content\/uploads\/2024\/06\/image-2.png\" alt=\"Denna bild har ett alt-attribut som \u00e4r tomt. Dess filnamn \u00e4r image.png\" class=\"wp-image-762\" style=\"aspect-ratio:1.499267935578331;width:269px;height:auto\" srcset=\"http:\/\/cotongardens.com\/wp-content\/uploads\/2024\/06\/image-2.png 1024w, http:\/\/cotongardens.com\/wp-content\/uploads\/2024\/06\/image-2-300x200.png 300w, http:\/\/cotongardens.com\/wp-content\/uploads\/2024\/06\/image-2-768x512.png 768w\" sizes=\"(max-width: 1024px) 100vw, 1024px\" \/><\/a><\/figure>\n\n\n\n<p><\/p>\n\n\n\n<p><\/p>\n\n\n\n<p><\/p>\n\n\n\n<p>&#8212;&#8212;&#8212;&#8212;&#8212;&#8212;&#8212;&#8212;&#8212;&#8212;&#8212;&#8212;&#8212;&#8212;&#8212;&#8212;&#8212;&#8212;&#8212;&#8212;&#8212;&#8212;&#8212;&#8212;&#8212;-<\/p>\n\n\n\n<p><\/p>\n\n\n\n<p><strong>&#8221;Over the rainbow bridge&#8221;: n\u00e5gra av tidigare hundar:<\/strong><\/p>\n\n\n<table style=\"color: #000000; font-family: Arial, Helvetica, sans-serif; font-size: 12px; font-style: normal; font-variant: normal; font-weight: normal; letter-spacing: normal; line-height: normal; orphans: auto; text-indent: 0px; text-transform: none; white-space: normal; widows: auto; word-spacing: 0px; -webkit-text-stroke-width: 0px; background-color: #d3d3d3;\" width=\"600\" border=\"0\">\n<tbody>\n<tr>\n<td style=\"text-align: center;\"><\/td>\n<td>\n<div align=\"center\">\n<p>Tik- Female<\/p>\n<p><a href=\"http:\/\/cotongardens.com\/surprise.php?select=meny3\"><img loading=\"lazy\" decoding=\"async\" alt=\"\" src=\"http:\/\/cotongardens.com\/foton\/tossatvatusenelvanysida.JPG\" width=\"312\" height=\"194\" \/><\/a><\/p>\n<p>Pensionerad fr\u00e5n avel<\/p>\n<p>&#8221;Tossa&#8221;<a href=\"http:\/\/cotongardens.com\/rifelin%20alandica.php\">Rifelin \u00c5landica<\/a><\/p>\n<p>F\u00f6dd 2009\u00a0 Nuvarande \u00e4gare: Monica Jansson<\/p>\n<p>DNA Kontrollerad f\u00f6r fastst\u00e4llande av r\u00e4tt sl\u00e4ktskap. DNA testad f\u00f6r \u00e4rftliga sjukdomar (My Dog DNA Pass) Von Willebrands clear,\u00a0Banderas clear, MDR clear, PH carrier, CMR clear, \u00a0etc \u00a0Kn\u00e4n 0\/0.\u00a0\u00d6gon u.a 2016<\/p>\n<p><span style=\"text-align: left; widows: auto;\">Tossa \u00e4r en tik med en vacker rastypisk \u00f6verlinje. Glad i alla m\u00e4nniskor men kan ocks\u00e5 vara best\u00e4md mot somliga av mina andra hundar. Fantastisk att ha med sig l\u00f6s p\u00e5 promenader, hon viker aldrig fr\u00e5n min sida! Hon har nu haft sin andra och sista kull valpar vilka vi var v\u00e4ldigt n\u00f6jda med . Hon \u00e4r den som somnar vid kamning, leal\u00f6s beskriver Tossa v\u00e4ldigt fint! Hon har st\u00e4llts ut enstaka g\u00e5ng med bed\u00f6mningen: utm\u00e4rkt. Se mer info vid FKK avelsdata:<\/span><\/p>\n<p>http:\/\/jalostus.kennelliitto.fi\/frmKoira.aspx?RekNo=FI46116%2F09&#038;R=283<\/p>\n<p>&#8212;&#8212;&#8212;&#8212;&#8212;&#8212;&#8212;&#8212;&#8212;&#8212;&#8212;&#8212;&#8212;&#8212;&#8212;&#8212;&#8212;&#8212;&#8212;&#8212;&#8212;&#8212;&#8212;&#8212;&#8212;&#8212;&#8212;&#8212;&#8212;&#8211;<\/p>\n<p style=\"line-height: 20px; text-align: center; margin: 0px;\" align=\"center\">Tik &#8211; Female<\/p>\n<p style=\"line-height: 20px; text-align: center; margin: 0px;\" align=\"center\"><a style=\"color: #000000;\" href=\"http:\/\/cotongardens.com\/walk_about.php?select=meny3\"><img loading=\"lazy\" decoding=\"async\" alt=\"\" src=\"http:\/\/cotongardens.com\/foton\/cgwalkaboutny.jpg\" width=\"252\" height=\"137\" \/><\/a><\/p>\n<p style=\"line-height: 20px; text-align: center; margin: 0px;\" align=\"center\">Pensionerad fr\u00e5n avel:<\/p>\n<p style=\"line-height: 20px; text-align: center; margin: 0px;\" align=\"center\"><a style=\"color: #000000;\" href=\"http:\/\/cotongardens.com\/walk_about.php?select=meny3_1\">Coton Garden&#8217;s Walk Abo<\/a>ut<\/p>\n<p style=\"line-height: 20px; text-align: center; margin: 0px;\" align=\"center\">&#8221;Titti&#8221;<\/p>\n<p style=\"line-height: 20px; text-align: center; margin: 0px;\" align=\"center\">F\u00f6dd: 2008<\/p>\n<p style=\"line-height: 20px; text-align: center; margin: 0px;\" align=\"center\">\u00e4gare: M S\u00f6derlund<\/p>\n<p style=\"line-height: 20px; text-align: center; margin: 0px;\" align=\"center\">DNA kontrollerad<\/p>\n<p style=\"line-height: 20px; text-align: center; margin: 0px;\" align=\"center\">\u00d6gon och kn\u00e4n u.a<\/p>\n<p style=\"line-height: 20px; text-align: center; margin: 0px;\" align=\"center\">&#8221;Titti&#8221; har givit Coton Garden fler vackra friska valpar och vi hoppas anv\u00e4nda n\u00e5gon av hennes avkommor i framtida avel. &#8221;Titti \u00e4r en v\u00e4ldigt glad tik som \u00e4lskar alla, b\u00e5de m\u00e4nniskor och andra hundar. Hon har en &#8221;medf\u00f6dd&#8221; naturlig fallenhet f\u00f6r att apportera utan att vi tr\u00e4nat det! Titti \u00e4r fantastiskt duktig p\u00e5 att tr\u00e4na Nosework, hon s\u00e4ker eukalyptus bland fordon, beh\u00e5llare, inomhuss\u00f6k och utomhuss\u00f6k. Hon har st\u00e4llts ut enstaka g\u00e5nger med bed\u00f6mningen:utm\u00e4rkt Se mer infovid FKK avelsdata:<\/p>\n<p style=\"line-height: 20px; text-align: center; margin: 0px;\" align=\"center\">http:\/\/jalostus.kennelliitto.fi\/frmKoira.aspx?RekNo=FIN31519%2F08&#038;R=283<\/p>\n<p style=\"line-height: 20px; text-align: center; margin: 0px;\" align=\"center\">&#8212;&#8212;&#8212;&#8212;&#8212;&#8212;&#8212;&#8212;&#8212;&#8212;&#8212;&#8212;&#8212;&#8212;&#8212;&#8212;&#8212;&#8212;&#8212;&#8212;&#8212;&#8212;&#8212;&#8212;&#8212;&#8212;&#8212;&#8212;&#8212;&#8212;&#8212;&#8212;&#8212;&#8212;<\/p>\n<p style=\"line-height: 20px; text-align: center; margin: 0px;\">&#8212;&#8212;&#8212;&#8212;&#8212;&#8212;&#8212;&#8212;&#8212;&#8212;&#8212;&#8212;&#8212;&#8212;&#8212;&#8212;&#8212;&#8212;&#8212;&#8212;&#8212;&#8212;&#8212;&#8212;&#8212;&#8212;&#8212;&#8212;&#8212;<\/p>\n<p style=\"line-height: 20px; text-align: center; margin: 0px;\">Tik &#8211; Female:<\/p>\n<p style=\"line-height: 20px; text-align: center; margin: 0px;\"><img loading=\"lazy\" decoding=\"async\" class=\"aligncenter\" alt=\"\" src=\"http:\/\/cotongardens.com\/foton\/cgsurprisesvanskiftandeslitenbild.JPG\" width=\"268\" height=\"193\" \/><\/p>\n<p style=\"line-height: 20px; text-align: center; margin: 0px;\">Pensionerad fr\u00e5n avel<\/p>\n<p style=\"line-height: 20px; text-align: center; margin: 0px;\"><a style=\"color: #000000;\" href=\"http:\/\/cotongardens.com\/surprise.php?select=meny3\">Coton Garden&#8217;s Surprise<\/a><\/p>\n<p style=\"line-height: 20px; text-align: center; margin: 0px;\">&#8221;Tussa&#8221;<\/p>\n<p style=\"line-height: 20px; text-align: center; margin: 0px;\">F\u00f6dd 2006<\/p>\n<p style=\"line-height: 20px; text-align: center; margin: 0px;\">\u00e4gare: M S\u00f6derlund<\/p>\n<p style=\"line-height: 20px; text-align: center; margin: 0px;\">DNA Kontrollerad<\/p>\n<p style=\"line-height: 20px; text-align: center; margin: 0px;\">Tussa \u00e4r en envis glad dam och kommer fint \u00f6verens med alla. En mkt v\u00e4lkroppad tik med synliga drag av mormor Fiffi och mamma Mira som b\u00e4gge finns i hundhimlen.<\/p>\n<p style=\"line-height: 20px; text-align: center; margin: 0px;\">Tussa har haft en kull valpar varav tre st av dem bor p\u00e5 \u00c5land, mkt galda trevliga hundar!<\/p>\n<p style=\"line-height: 20px; text-align: center; margin: 0px;\">_________________________________________________________________<\/p>\n<p style=\"line-height: 20px; text-align: center; margin: 0px;\"><span style=\"widows: auto;\">\u00a0<\/span><\/p>\n<p style=\"line-height: 20px; text-align: center; margin: 0px;\">Hane &#8211; Male:<\/p>\n<p style=\"line-height: 20px; text-align: center; margin: 0px;\"><a href=\"http:\/\/cotongardens.com\/wp-content\/uploads\/2014\/04\/cotongardenssimplythebest.jpg\"><img loading=\"lazy\" decoding=\"async\" class=\"alignnone size-medium wp-image-453\" alt=\"cotongardenssimplythebest\" src=\"http:\/\/cotongardens.com\/wp-content\/uploads\/2014\/04\/cotongardenssimplythebest-300x199.jpg\" width=\"300\" height=\"199\" srcset=\"http:\/\/cotongardens.com\/wp-content\/uploads\/2014\/04\/cotongardenssimplythebest-300x199.jpg 300w, http:\/\/cotongardens.com\/wp-content\/uploads\/2014\/04\/cotongardenssimplythebest.jpg 640w\" sizes=\"(max-width: 300px) 100vw, 300px\" \/><\/a><\/p>\n<p style=\"line-height: 20px; text-align: center; margin: 0px;\">Ovan vuxenbild p\u00e5 CG Simply the Best<\/p>\n<h5 style=\"line-height: 20px; text-align: center; margin: 0px;\">Flerfaldig BIR vinnare, Finsk och Svensk UCH samt 4:de b\u00e4sta championhane p\u00e5 V\u00e4rldsutst\u00e4llningen 2010!<\/h5>\n<h5 style=\"line-height: 20px; text-align: center; margin: 0px;\">Coton Gardens Simply the best &#8221;Molltass&#8221;<\/h5>\n<p>&nbsp;<\/p>\n<p>DNA kontrollerad<\/p>\n<p>Checkad i \u00f6gon och kn\u00e4n u.a<\/p>\n<p>\u00c4gare: Ann-Kristin Sundin<\/p>\n<p>Avelsr\u00e4tt: Tatjana Berglund<\/p>\n<p>Hanen anses nu ha tillr\u00e4ckligt med avkommor, dvs l\u00e4mnas inte ut till avel fr\u00e5n 2016<\/p>\n<\/div>\n<\/td>\n<\/tr>\n<\/tbody>\n<\/table>\n\n\n<p><\/p>\n","protected":false},"excerpt":{"rendered":"<p>Coton Garden\u00b4s Kennelns cottar just nu:&nbsp; Coton Garden\u00b4s Just Love me &#8221;Mimmi&#8221;\u00a0 f\u00f6dd 2\/8 2018.\u00a0 Reg nr: FI49394\/18\u00a0 \u00d6gonlyst och kn\u00e4ledsunders\u00f6kt u.a. My Dog DNA checkad och fri fr\u00e5n samtliga sjukdomar.\u00a0 Utst\u00e4llningar: bed\u00f6mningen:\u00a0 Exellent\u00a0 Senaste \u00f6gonlysning \u00e5r 2025 utan anm\u00e4rkning. Mimmi planeras bli mamma en sista g\u00e5ng \u00e5r 2025 Mimmi \u00e4r en mycket glad \u00f6ppen &hellip; <a href=\"http:\/\/cotongardens.com\/?page_id=368\" class=\"more-link\">Forts\u00e4tt l\u00e4sa <span class=\"screen-reader-text\">V\u00e5ra Coton de Tulear<\/span> <span class=\"meta-nav\">&rarr;<\/span><\/a><\/p>\n","protected":false},"author":1,"featured_media":0,"parent":10,"menu_order":0,"comment_status":"closed","ping_status":"closed","template":"","meta":{"footnotes":""},"_links":{"self":[{"href":"http:\/\/cotongardens.com\/index.php?rest_route=\/wp\/v2\/pages\/368"}],"collection":[{"href":"http:\/\/cotongardens.com\/index.php?rest_route=\/wp\/v2\/pages"}],"about":[{"href":"http:\/\/cotongardens.com\/index.php?rest_route=\/wp\/v2\/types\/page"}],"author":[{"embeddable":true,"href":"http:\/\/cotongardens.com\/index.php?rest_route=\/wp\/v2\/users\/1"}],"replies":[{"embeddable":true,"href":"http:\/\/cotongardens.com\/index.php?rest_route=%2Fwp%2Fv2%2Fcomments&post=368"}],"version-history":[{"count":30,"href":"http:\/\/cotongardens.com\/index.php?rest_route=\/wp\/v2\/pages\/368\/revisions"}],"predecessor-version":[{"id":823,"href":"http:\/\/cotongardens.com\/index.php?rest_route=\/wp\/v2\/pages\/368\/revisions\/823"}],"up":[{"embeddable":true,"href":"http:\/\/cotongardens.com\/index.php?rest_route=\/wp\/v2\/pages\/10"}],"wp:attachment":[{"href":"http:\/\/cotongardens.com\/index.php?rest_route=%2Fwp%2Fv2%2Fmedia&parent=368"}],"curies":[{"name":"wp","href":"https:\/\/api.w.org\/{rel}","templated":true}]}}