{"id":340,"date":"2014-04-11T13:38:03","date_gmt":"2014-04-11T11:38:03","guid":{"rendered":"http:\/\/cotongardens.com\/?page_id=340"},"modified":"2024-06-24T08:31:49","modified_gmt":"2024-06-24T06:31:49","slug":"utstallningsresultat","status":"publish","type":"page","link":"http:\/\/cotongardens.com\/?page_id=340","title":{"rendered":"Utst\u00e4llningsresultat"},"content":{"rendered":"<p>Vi har tyv\u00e4rr inte uppdateringar fr\u00e5n senaste \u00e5ren men h\u00e4r f\u00f6ljer en del av \u00e4ldre resultat:<\/p>\n<p>\u00c5lands inofficiella utst\u00e4llning 29 maj 2014.\u00a0 B\u00c4ST I RASEN OCH GRUPPVINNARE: Coton Garden\u00b4s Expression, \u00e4gare Jenny R\u00e5dland<\/p>\n<p><a href=\"http:\/\/cotongardens.com\/wp-content\/uploads\/2014\/04\/cgexpressionbigetta.png\"><img loading=\"lazy\" decoding=\"async\" class=\"alignnone size-medium wp-image-464\" src=\"http:\/\/cotongardens.com\/wp-content\/uploads\/2014\/04\/cgexpressionbigetta-300x159.png\" alt=\"cgexpressionbigetta\" width=\"300\" height=\"159\" srcset=\"http:\/\/cotongardens.com\/wp-content\/uploads\/2014\/04\/cgexpressionbigetta-300x159.png 300w, http:\/\/cotongardens.com\/wp-content\/uploads\/2014\/04\/cgexpressionbigetta.png 364w\" sizes=\"(max-width: 300px) 100vw, 300px\" \/><\/a><\/p>\n<p><em><strong>\u00c5r 2010<\/strong><\/em><\/p>\n<p><img loading=\"lazy\" decoding=\"async\" src=\"http:\/\/www.cotongardens.com\/foton\/wwvinnaregrupp.jpg\" alt=\"\" width=\"300\" height=\"426\" \/><\/p>\n<p><strong>V\u00e4rldsutst\u00e4llningen i Danmark 2010<\/strong><\/p>\n<p>BIR Vinnande Uppf\u00f6dargrupp !\u00a0Kennel Coton Gardens!!!<\/p>\n<p>B\u00e4sta Veterantik:<\/p>\n<p><img loading=\"lazy\" decoding=\"async\" src=\"http:\/\/www.cotongardens.com\/foton\/wwmira.jpg\" alt=\"\" width=\"300\" height=\"426\" \/><\/p>\n<p>Coton Gardens Dont worry, \u00e4gare Tatjana Berglund<\/p>\n<p>4: de B\u00e4sta Championhane\u00a0Coton Gardens Simply the best!<\/p>\n<p><img loading=\"lazy\" decoding=\"async\" src=\"http:\/\/www.cotongardens.com\/foton\/cgsimplythebest.jpg\" alt=\"\" width=\"252\" height=\"157\" \/><\/p>\n<p>145 st Coton de Tulear anm\u00e4lda i rasen !<\/p>\n<p><strong>Stora Stockholmsutst\u00e4llningen i december:<\/strong><\/p>\n<p>BIM Coton Gardens Viscum Album<\/p>\n<p><img loading=\"lazy\" decoding=\"async\" src=\"http:\/\/www.cotongardens.com\/foton\/cgkimi.JPG\" alt=\"\" width=\"261\" height=\"218\" \/><\/p>\n<p>B\u00e4sta hane 2.a Coton Gardens Vitis Vinifera<\/p>\n<p><img loading=\"lazy\" decoding=\"async\" src=\"http:\/\/www.cotongardens.com\/foton\/stockhplachanar.JPG\" alt=\"\" width=\"551\" height=\"237\" \/><\/p>\n<p>Dvs: 1:a b\u00e4sta hane Coton Gardens Viscum Album<br \/>\n2:a b\u00e4sta hane Coton Gardens Vitis Vinifera<br \/>\n3:a Merihelmen Bj\u00f6rn Borg<\/p>\n<p><strong>Ecker\u00f6 Internationella, sept<\/strong><br \/>\n<img loading=\"lazy\" decoding=\"async\" src=\"http:\/\/www.cotongardens.com\/foton\/cggalaxybirvet.JPG\" alt=\"\" width=\"237\" height=\"378\" \/><br \/>\nCoton Gardens Galaxy BIR veteran+ Finsk UCH !<\/p>\n<p>BIR Coton Gardnes Simply the Best<br \/>\nBIR uppf\u00f6dargrupp med HP<br \/>\nCoton Gardens<\/p>\n<p>GOTLAND augusti<br \/>\nNy Champion:<br \/>\n<img loading=\"lazy\" decoding=\"async\" src=\"http:\/\/www.cotongardens.com\/foton\/kimiungny.jpg\" alt=\"\" width=\"250\" height=\"175\" \/><br \/>\nBild d\u00e5 han var ung<br \/>\nCoton Gardens Viscum Album &#8221;Kimi&#8221;<\/p>\n<p>Certet gick till:<br \/>\nCoton Gardens Aurora Borealis<br \/>\n<img loading=\"lazy\" decoding=\"async\" src=\"http:\/\/www.cotongardens.com\/foton\/cgtyraauroraborealislitenbild.JPG\" alt=\"\" width=\"281\" height=\"216\" \/><\/p>\n<p>V\u00c4STER\u00c5S<br \/>\n<img loading=\"lazy\" decoding=\"async\" src=\"http:\/\/www.cotongardens.com\/foton\/vasterasbirbim.JPG\" alt=\"\" width=\"374\" height=\"313\" \/><br \/>\nBIR och BIM i V\u00e4ster\u00e5s:<br \/>\nCoton Gardens Simply the best och Coton Gardens Surprise<br \/>\n<img loading=\"lazy\" decoding=\"async\" src=\"http:\/\/www.cotongardens.com\/foton\/gruppvasterastvatio.jpg\" alt=\"\" width=\"308\" height=\"231\" \/><br \/>\nGrupp<br \/>\nCoton Gardens<\/p>\n<p><strong>Vinstrikaste ustst\u00e4llningshund i Sverige 2009:<\/strong><br \/>\n(av rasen Coton de Tulear naturligtvis \ud83d\ude42<br \/>\nCoton Gardens Simply The Best!<br \/>\n<img loading=\"lazy\" decoding=\"async\" src=\"http:\/\/www.cotongardens.com\/foton\/cgsimplythebest.jpg\" alt=\"\" width=\"252\" height=\"157\" \/><\/p>\n<p>NY Svensk utst\u00e4llningschampion:<\/p>\n<p>P\u00e5skutst\u00e4llningen i Stockholm 2010:<br \/>\nBIM CERT Coton Gardens Vitis Vinifera \u00e4gare .o handler Satu Sn\u00e4llstr\u00f6m<\/p>\n<p><img loading=\"lazy\" decoding=\"async\" src=\"http:\/\/www.cotongardens.com\/foton\/stockholmcertssatu.JPG\" alt=\"\" width=\"202\" height=\"294\" \/><\/p>\n<p><em><strong>\u00c5r 2009<\/strong><\/em><\/p>\n<p>Stockholm internationella december 2009<br \/>\n31 anm\u00e4lda i rasen<br \/>\nSUCH FIN UCH Coton Gardens Simply The Best BIR CACIB \u00c4gare: A-B Sundin<br \/>\nINT,NORDUCH, VWW-08 Coton Gardens Dont worry BIM CACIB \u00c4gare: Tatjana Berglund<br \/>\nCoton Gardens Dont worry BIR veteran<br \/>\n<img loading=\"lazy\" decoding=\"async\" src=\"http:\/\/www.cotongardens.com\/foton\/storastockholmbirbimnolnio.jpg\" alt=\"\" width=\"300\" height=\"196\" \/><br \/>\nBIR uppf\u00f6dare m HP Coton Gardens Kennel<\/p>\n<p>Detaljbeskrivning p\u00e5 gruppen av Britta Roos B\u00f6rjesson:<br \/>\nSamtliga 4 som gjutna i samma form. Alla med suver\u00e4na p\u00e4lsar, sagolika uttryck som bl\u00e4ndar i s\u00e5v\u00e4l typ som konstruktion<br \/>\n<img loading=\"lazy\" decoding=\"async\" src=\"http:\/\/www.cotongardens.com\/foton\/storastockholmnollniogrupp.jpg\" alt=\"\" width=\"301\" height=\"234\" \/><br \/>\n2:a b\u00e4sta hane med CERT Coton Gardens Vitis Vinifera \u00e4gare .o handler Satu Sn\u00e4llstr\u00f6m<\/p>\n<p>Bild nedan:<br \/>\n<img loading=\"lazy\" decoding=\"async\" src=\"http:\/\/www.cotongardens.com\/foton\/stockholmcertssatu.JPG\" alt=\"\" width=\"202\" height=\"294\" \/><\/p>\n<p>Nedan &#8211; vi som st\u00e4llde ut Coton Gardens hundar p\u00e5 Stora Stockholmsutst\u00e4llningen &#8211; inte l\u00e4tt att f\u00e5 7 hundar och 5 handlers att se perfekta ut samtidigt \ud83d\ude42 \ud83d\ude42<br \/>\n<img loading=\"lazy\" decoding=\"async\" src=\"http:\/\/www.cotongardens.com\/foton\/redigstockhomlvi.JPG\" alt=\"\" width=\"462\" height=\"213\" \/><\/p>\n<p>Finland \u00c5land, Ecker\u00f6 Internationella 2009<br \/>\nCoton Gardens Vitiv Vinifera \u00a0\u00a0\u00a0 \u00a0\u00a0\u00a0 hane\u00a0\u00a0\u00a0\u00a0\u00a0\u00a0\u00a0\u00a0\u00a0\u00a0\u00a0\u00a0\u00a0 BIM CERT CACIB \u00a0\u00a0\u00a0 \u00a0\u00a0\u00a0 Domare Machetanz Peter<br \/>\nCoton Gardens Viscum Album\u00a0\u00a0\u00a0\u00a0 hane\u00a0\u00a0\u00a0\u00a0\u00a0\u00a0\u00a0\u00a0\u00a0\u00a0\u00a0\u00a0 R Cert R CACIB<br \/>\nCoton Gardens Dont worry\u00a0\u00a0\u00a0\u00a0\u00a0\u00a0\u00a0\u00a0\u00a0\u00a0\u00a0tik\u00a0\u00a0\u00a0\u00a0\u00a0\u00a0\u00a0\u00a0\u00a0\u00a0\u00a0\u00a0\u00a0\u00a0\u00a0\u00a0\u00a0\u00a0\u00a0BT 2 BIR veteran<br \/>\nCoton Gardens Surprise\u00a0\u00a0\u00a0\u00a0\u00a0\u00a0\u00a0\u00a0\u00a0\u00a0\u00a0\u00a0\u00a0\u00a0tik\u00a0\u00a0\u00a0\u00a0\u00a0\u00a0\u00a0\u00a0\u00a0\u00a0\u00a0\u00a0\u00a0\u00a0\u00a0\u00a0\u00a0\u00a0\u00a0 BT 3 R Cert R CACIB<br \/>\nUppf\u00f6dargrupp BIR Hp<br \/>\nBIS 3: a uppf\u00f6dargrupp!<br \/>\n<img loading=\"lazy\" decoding=\"async\" src=\"http:\/\/www.cotongardens.com\/foton\/utstallningbistreaaeckero.jpg\" alt=\"\" width=\"410\" height=\"272\" \/><\/p>\n<p>Vallentuna Stockholm 2009 -08-23<br \/>\nBIM Coton Gardens Surprise<br \/>\nCERT Coton Gardens Vitis Vinifera ( \u00e4g. Satu Sn\u00e4llst\u00f6m)<br \/>\nDomare: Gunnar Nymann<br \/>\n<img loading=\"lazy\" decoding=\"async\" src=\"http:\/\/www.cotongardens.com\/foton\/2009c.jpg\" alt=\"\" width=\"400\" height=\"248\" border=\"0\" \/><\/p>\n<p>Stockholm \u00d6stnora 2009-08-22<br \/>\nCoton Gardens Surprise BIR &#8211; Kattis Lindholm, handler &#8211; Tack Kattis!<br \/>\nCoton Gardens Viscum album CERT- \u00e4g fam. Lindholm<br \/>\nDomare Hans Almgren<br \/>\n<img loading=\"lazy\" decoding=\"async\" src=\"http:\/\/www.cotongardens.com\/foton\/birviscumalbum.jpg\" alt=\"\" width=\"312\" height=\"332\" \/><\/p>\n<p>Nyk\u00f6ping 2009-08-16<br \/>\nCoton Gardens Simply the Best BIR<br \/>\nDomare Menola Poggesi Italien<br \/>\n<img loading=\"lazy\" decoding=\"async\" src=\"http:\/\/www.cotongardens.com\/foton\/nykopingmoltasbir.jpg\" alt=\"\" width=\"454\" height=\"316\" \/><\/p>\n<p>Uppf\u00f6dargrupp Nyk\u00f6ping<br \/>\n<img loading=\"lazy\" decoding=\"async\" src=\"http:\/\/www.cotongardens.com\/foton\/2009b.jpg\" alt=\"\" width=\"450\" height=\"299\" border=\"0\" \/><\/p>\n<p>Norrk\u00f6ping 2009-08-16<br \/>\nDomare Stefan Sinko, Slovenien<br \/>\nCoton Gardens Simply the best BIM<br \/>\n<img loading=\"lazy\" decoding=\"async\" src=\"http:\/\/www.cotongardens.com\/foton\/2009a.jpg\" alt=\"\" width=\"450\" height=\"299\" border=\"0\" \/><\/p>\n<p>K\u00f6ping 2009-07-19<br \/>\nDomare Pamela Runderklamp<br \/>\nCERT CG Surprise som samtidigt blev SVENSK Ust\u00e4llningschampion! \u00c4gare Maria S\u00f6derlund<br \/>\nEstonia<br \/>\nEstonian juniorwinner 2009-06-07<br \/>\nCoton Gardens Yeah Dream On &#8221;Ylle&#8221;<br \/>\nVisad och \u00e4gd av: Sussi Lindqvist GRATTIS och all lycka i framtida utst\u00e4llningar! \u00d6nskar Maria<br \/>\nCRUFTS KVALIFICERAD<br \/>\n<img loading=\"lazy\" decoding=\"async\" src=\"http:\/\/www.cotongardens.com\/foton\/yllejunvinnareestonia.jpg\" alt=\"\" width=\"448\" height=\"282\" \/><\/p>\n<p>Norrk\u00f6png 2009-06-06<br \/>\nDomare Anette Bystrup<br \/>\n<strong>BIR CERT BIS 1<\/strong><br \/>\n<strong>Coton Gardens Simply the best<\/strong><\/p>\n<p>Norrk\u00f6ping 2009-06-07<br \/>\nDomare Tino Pehar<br \/>\nBIR Coton Gardens Simply the Best<br \/>\n<img loading=\"lazy\" decoding=\"async\" src=\"http:\/\/www.cotongardens.com\/foton\/norrkopongjunisimply.jpg\" alt=\"\" width=\"454\" height=\"293\" \/><\/p>\n<p>\u00d6land 2009-09-05<br \/>\nDomare Hans Boelear<br \/>\nBIR Coton Gardens Run For Fun \u00e4g: Vanja Hansson GRATTIS!<br \/>\n<img loading=\"lazy\" decoding=\"async\" src=\"http:\/\/www.cotongardens.com\/foton\/cgrunforfunovanja.jpg\" alt=\"\" width=\"454\" height=\"292\" \/><\/p>\n<p>V\u00e4ster\u00e5s 2009-04-25<br \/>\nDomare Hans Boelaars<br \/>\nBIR Coton Gardens Simply the Best<br \/>\n<img loading=\"lazy\" decoding=\"async\" src=\"http:\/\/www.cotongardens.com\/foton\/vasterassimply.jpg\" alt=\"\" width=\"454\" height=\"283\" \/><\/p>\n<p>br \/<\/p>\n","protected":false},"excerpt":{"rendered":"<p>Vi har tyv\u00e4rr inte uppdateringar fr\u00e5n senaste \u00e5ren men h\u00e4r f\u00f6ljer en del av \u00e4ldre resultat: \u00c5lands inofficiella utst\u00e4llning 29 maj 2014.\u00a0 B\u00c4ST I RASEN OCH GRUPPVINNARE: Coton Garden\u00b4s Expression, \u00e4gare Jenny R\u00e5dland \u00c5r 2010 V\u00e4rldsutst\u00e4llningen i Danmark 2010 BIR Vinnande Uppf\u00f6dargrupp !\u00a0Kennel Coton Gardens!!! B\u00e4sta Veterantik: Coton Gardens Dont worry, \u00e4gare Tatjana Berglund 4: &hellip; <a href=\"http:\/\/cotongardens.com\/?page_id=340\" class=\"more-link\">Forts\u00e4tt l\u00e4sa <span class=\"screen-reader-text\">Utst\u00e4llningsresultat<\/span> <span class=\"meta-nav\">&rarr;<\/span><\/a><\/p>\n","protected":false},"author":1,"featured_media":0,"parent":10,"menu_order":0,"comment_status":"closed","ping_status":"open","template":"","meta":{"footnotes":""},"_links":{"self":[{"href":"http:\/\/cotongardens.com\/index.php?rest_route=\/wp\/v2\/pages\/340"}],"collection":[{"href":"http:\/\/cotongardens.com\/index.php?rest_route=\/wp\/v2\/pages"}],"about":[{"href":"http:\/\/cotongardens.com\/index.php?rest_route=\/wp\/v2\/types\/page"}],"author":[{"embeddable":true,"href":"http:\/\/cotongardens.com\/index.php?rest_route=\/wp\/v2\/users\/1"}],"replies":[{"embeddable":true,"href":"http:\/\/cotongardens.com\/index.php?rest_route=%2Fwp%2Fv2%2Fcomments&post=340"}],"version-history":[{"count":4,"href":"http:\/\/cotongardens.com\/index.php?rest_route=\/wp\/v2\/pages\/340\/revisions"}],"predecessor-version":[{"id":771,"href":"http:\/\/cotongardens.com\/index.php?rest_route=\/wp\/v2\/pages\/340\/revisions\/771"}],"up":[{"embeddable":true,"href":"http:\/\/cotongardens.com\/index.php?rest_route=\/wp\/v2\/pages\/10"}],"wp:attachment":[{"href":"http:\/\/cotongardens.com\/index.php?rest_route=%2Fwp%2Fv2%2Fmedia&parent=340"}],"curies":[{"name":"wp","href":"https:\/\/api.w.org\/{rel}","templated":true}]}}